{"id":2165,"date":"2020-03-13T15:43:39","date_gmt":"2020-03-13T14:43:39","guid":{"rendered":"https:\/\/mesh-institute.com\/agb\/"},"modified":"2020-03-13T16:04:27","modified_gmt":"2020-03-13T15:04:27","slug":"terms","status":"publish","type":"page","link":"https:\/\/mesh-institute.com\/en\/terms\/","title":{"rendered":"Terms"},"content":{"rendered":"\n<style type=\"text\/css\" data-created_by=\"avia_inline_auto\" id=\"style-css-av-957px-7f751954f25dade478af71200299a614\">\n.flex_column.av-957px-7f751954f25dade478af71200299a614{\nborder-radius:0px 0px 0px 0px;\npadding:0px 0px 0px 0px;\n}\n<\/style>\n<div class=\"flex_column av-957px-7f751954f25dade478af71200299a614 av_one_full  avia-builder-el-0  avia-builder-el-no-sibling  first flex_column_div av-zero-column-padding  \"><section class=\"av_textblock_section av-k7p9m12a-df5fdb85d74e50153d7176ace6d8408a \" itemscope=\"itemscope\" itemtype=\"https:\/\/schema.org\/CreativeWork\"><div class=\"avia_textblock\" itemprop=\"text\"><h1>Allgemeine Gesch\u00e4ftsbedingungen<\/h1>\n<p>Soweit personenbezogene Bezeichnungen nur in der m\u00e4nnlichen Form angef\u00fchrt sind, beziehen sie sich auf Frauen, M\u00e4nner und Diverse in gleicher Weise.<\/p>\n<p><strong>Geltungsbereich<\/strong><\/p>\n<p>Diese Allgemeinen Gesch\u00e4ftsbedingungen des <b>MESH\u00ae INSTITUTE for Advanced Competence<\/b> GmbH (im Folgenden nur noch MESH\u00ae INSTITUTE) regeln die Erbringung von Beratungs- &amp; Schulungs- oder sonstigen Dienstleistungen auch der organisatorischen Teile des MESH\u00ae INSTITUTE, derzeit<\/p>\n<p>MESH\u00ae ACADEMY | MESH\u00ae IN_HOUSE | MESH\u00ae CONSULTING und MESH\u00ae RESEARCH.<\/p>\n<p>Bei einer Beauftragung des MESH\u00ae INSTITUTE erkl\u00e4rt sich der auftraggebende Vertragspartner (im Folgenden nur noch Vertragspartner) mit der Anwendung dieser Allgemeinen Gesch\u00e4ftsbedingungen einverstanden.<\/p>\n<p>F\u00fcr s\u00e4mtliche Rechtsgesch\u00e4fte zwischen den Vertragspartnern gelten ausschlie\u00dflich diese Allgemeinen Gesch\u00e4ftsbedingungen. Ma\u00dfgeblich ist jeweils die zum Zeitpunkt des Vertragsabschlusses g\u00fcltige Fassung.<\/p>\n<p>Diese Allgemeinen Gesch\u00e4ftsbedingungen gelten f\u00fcr bestehende wie auch f\u00fcr alle k\u00fcnftigen Vertragsbeziehungen, somit auch dann, wenn in den jeweiligen Vertr\u00e4gen darauf nicht ausdr\u00fccklich hingewiesen wird.<\/p>\n<p>F\u00fcr den Fall, dass einzelne Bestimmungen dieser Allgemeinen Gesch\u00e4ftsbedingungen unwirksam sein und\/oder werden sollten, ber\u00fchrt dies die Wirksamkeit der verbleibenden Bestimmungen und der unter ihrer Zugrundelegung geschlossenen Vertr\u00e4ge nicht. Die unwirksame ist durch eine wirksame Bestimmung, die ihr dem Sinn und wirtschaftlichen Zweck nach am n\u00e4chsten kommt, zu ersetzen.<\/p>\n<p><strong>Vertragsabschluss<\/strong><\/p>\n<p>Jeder Auftrag, den das MESH\u00ae INSTITUTE erh\u00e4lt, stellt ein Angebot an das MESH\u00ae INSTITUTE zum Abschluss eines Vertrages dar. Ein Vertrag kommt zustande, wenn das MESH\u00ae INSTITUTE einen Auftrag in Textform schriftlich best\u00e4tigt hat. M\u00fcndliche und telefonische Auftr\u00e4ge ebenso wie Erg\u00e4nzungen und \u00c4nderungen bestehender Vertr\u00e4ge und dieser Allgemeinen Gesch\u00e4ftsbedingungen bed\u00fcrfen stets der Best\u00e4tigung in Schriftform durch das MESH\u00ae INSTITUTE. Das Schriftformerfordernis kann nicht m\u00fcndlich abge\u00e4ndert werden.<\/p>\n<p><strong>Verg\u00fctung<\/strong><\/p>\n<p>Angaben \u00fcber die Kosten vertraglicher Leistungen des MESH\u00ae INSTITUTE und ihrer selbstbestimmten Gesch\u00e4ftsfelder, z.B. in Form von Honorar- und Kostens\u00e4tzen gelten jeweils zuz\u00fcglich gesetzlicher Mehrwertsteuer.<\/p>\n<p>Das MESH\u00ae INSTITUTE beh\u00e4lt sich vor, Teilleistungen jeweils sofort nach ihrer Erbringung abzurechnen.<\/p>\n<p>Die Rechnungen des MESH\u00ae INSTITUTE sind 10 Tage (VALUTA) nach Erhalt zur Zahlung f\u00e4llig<\/p>\n<p><strong>K\u00fcndigung durch den Vertragspartner ohne wichtigen Grund \/ ordentliche K\u00fcndigung<\/strong><\/p>\n<p>Bei K\u00fcndigung des Vertragsverh\u00e4ltnisses durch den Vertragspartner ohne wichtigen Grund beh\u00e4lt das MESH\u00ae INSTITUTE den Anspruch auf volle Verg\u00fctung der Leistungen, inklusive Honorare, Fahrtkosten und Lehrmittelkosten und abz\u00fcglich dessen, was das MESH\u00ae INSTITUTE durch die Aufhebung des Vertrages einspart oder durch anderweitige Engagements erwirbt. Der Vertragspartner muss diese Einsparungen nachweisen.<\/p>\n<p>Wird vor Beginn eines Leistungsprogramms gek\u00fcndigt, berechnet das MESH\u00ae INSTITUTE f\u00fcr die konzeptionellen Vorarbeiten angefallene Kosten in voller H\u00f6he.<\/p>\n<p>Die Berater- und Trainerhonorare sowie weitere Kosten, mit Ausnahme der Spesen und Auslagen, berechnet das MESH\u00ae anhand der vereinbarten S\u00e4tze unter Anrechnung der ersparten Anwendungen und der Vorteile aus anderweitigen Engagements mit folgenden Pauschalierungen (Zeitraum zwischen Eingang der K\u00fcndigung und Beginn des Leistungsprogramms\/Prozentsatz der Verg\u00fctung, den das MESH\u00ae INSTITUTE und ihre Partner erhalten): 28 Tage 100% | 56 Tage 50% | 84 Tage&nbsp;25%.<\/p>\n<p>Dem Vertragspartner wird der Nachweis erlaubt, dass dem MESH\u00ae INSTITUTE tats\u00e4chlich kein oder ein wesentlich geringerer Aufwand entstanden ist.<\/p>\n<p><strong>K\u00fcndigung durch den Vertragspartner aus wichtigem Grund<\/strong><\/p>\n<ol>\n<li>Bei K\u00fcndigung des Vertragspartners aus einem wichtigen Grund, den das MESH\u00ae INSTITUTE zu vertreten hat, hat das MESH\u00ae INSTITUTE nur Anspruch auf Honorierung ihrer bis zum Zugang der K\u00fcndigung erbrachten Leistungen.<\/li>\n<li>K\u00fcndigt das MESH\u00ae INSTITUTE aus einem wichtigen Grund, den der Vertragspartner zu vertreten hat, gilt a. entsprechend. Eventuell weitergehende Schadensersatzanspr\u00fcche des MESH\u00ae INSTITUTE bleiben vorbehalten.<\/li>\n<li>F\u00fcr den Zeitpunkt der Wirksamkeit einer K\u00fcndigung ist deren Eingang per Post (Einschreiben\/R\u00fcckschein) beim jeweiligen Vertragspartner ma\u00dfgeblich. Im Falle des Annahmeverzugs des Vertragspartners oder der Nichterf\u00fcllung oder des Verzugs bei erforderlicher Mitwirkung des Vertragspartners ist das MESH\u00ae INSTITUTE zur fristlosen K\u00fcndigung des Vertrages berechtigt. Unabh\u00e4ngig davon haben das MESH\u00ae INSTITUTE Anspruch auf Ersatz der ihnen dadurch etwa entstehenden Mehraufwendungen. Dies gilt auch dann, wenn das MESH\u00ae INSTITUTE keine K\u00fcndigung ausspricht.<\/li>\n<\/ol>\n<p><strong>R\u00fccktrittsvorbehalt \/ Zeitliche Verschiebung<\/strong><\/p>\n<p>Das MESH\u00ae INSTITUTE ist berechtigt, eine In-House-Veranstaltung wie Seminar oder Fort- und Weiterbildung sp\u00e4testens zwei Wochen vor Seminarbeginn abzusagen, wenn die erforderliche Mindestteilnehmerzahl nicht erreicht wird oder sich sonstige f\u00fcr die In-House-Durchf\u00fchrung wesentliche Bedingungen \u00e4ndern.<\/p>\n<p>Wesentliche Bedingungen sind solche, die f\u00fcr die Durchf\u00fchrung des Vertrags unabdingbar sind oder die Durchf\u00fchrung unzumutbar erschweren. Bereits bezahlte In-House-Veranstaltungen werden in diesen F\u00e4llen zur\u00fcckerstattet.<\/p>\n<p>Dar\u00fcberhinausgehende Anspr\u00fcche, insbesondere Schadenersatzanspr\u00fcche entstehen f\u00fcr den Vertragspartner nicht, soweit das MESH\u00ae INSTITUTE den Grund f\u00fcr den R\u00fccktritt nicht verschuldet hat.<\/p>\n<p>Kann das MESH\u00ae INSTITUTE eine Leistung nicht zu dem vereinbarten Zeitpunkt erbringen, verpflichtet sich das MESH\u00ae INSTITUTE, die Verschiebung rechtzeitig anzuk\u00fcndigen und mit dem Vertragspartner eine neue zumutbare Terminvereinbarung zu treffen. Das MESH\u00ae INSTITUTE verpflichtet sich, hierbei die Interessen des Vertragspartners ausreichend zu ber\u00fccksichtigen. Dar\u00fcberhinausgehende Anspr\u00fcche entstehen f\u00fcr den Vertragspartner nicht.<\/p>\n<p><strong>Haftung<\/strong><\/p>\n<p>Anspr\u00fcche des Vertragspartners oder seiner Teilnehmer aus Unm\u00f6glichkeit, Verzug, Vertragsverletzung, Verschulden bei Vertragsabschluss und sonstigen Rechtsgr\u00fcnden sind ausgeschlossen, es sei denn, es liegt Vorsatz oder grobe Fahrl\u00e4ssigkeit seitens des MESH\u00ae INSTITUTE oder dessen Mitarbeitende, Lehrbeauftragten, Trainierende vor.<\/p>\n<p>Dies gilt insbesondere auch f\u00fcr eine Haftung f\u00fcr Folgesch\u00e4den. Generell ist die Haftung des MESH\u00ae INSTITUTE auf solche unmittelbaren oder mittelbaren Sch\u00e4den beschr\u00e4nkt, die zum Zeitpunkt des Vertragsabschlusses vorhersehbar waren. Dies gilt nicht f\u00fcr solche Sch\u00e4den, die aus der Verletzung des Lebens, des K\u00f6rpers oder der Gesundheit entstehen.<\/p>\n<p>Auch f\u00fcr die Verletzung von Kardinalpflichten gilt das Vorstehende nicht. Soweit die Haftung des MESH\u00ae INSTITUTE ausgeschlossen oder beschr\u00e4nkt ist, gilt dies auch f\u00fcr die pers\u00f6nliche Haftung von Arbeitnehmern und Erf\u00fcllungsgehilfen.<\/p>\n<p><strong>\u00dcbertragbarkeit der Rechte, Aufrechnung, Zur\u00fcckbehaltung<\/strong><\/p>\n<p>Der Vertragspartner kann seine Rechte aus einem mit dem MESH\u00ae INSTITUTE geschlossenen Vertrag nicht auf Dritte \u00fcbertragen, es sei denn, dass das MESH\u00ae INSTITUTE dem schriftlich zustimmt.<\/p>\n<p>Die Aufrechnung oder die Aus\u00fcbung eines Zur\u00fcckbehaltungsrechts gegen Forderungen des MESH\u00ae INSTITUTE ist nur mit anerkannten oder rechtskr\u00e4ftig festgestellten Gegenanspr\u00fcchen m\u00f6glich.<\/p>\n<p><strong>Gerichtsstand, anzuwendendes Recht, Salvatorische Klausel<\/strong><\/p>\n<p>Gerichtsstand ist gem. der Vereinbarung im Vertrag Wien oder Frankfurt am&nbsp;Main.<br>\nAuf das Vertragsverh\u00e4ltnis ist gem. Vereinbarung im Vertrag entweder \u00f6sterreichisches Recht oder deutsches Recht anzuwenden, soweit nicht f\u00fcr Teilbereiche zwingende gesetzliche Vorschriften etwas anderes bestimmen.<\/p>\n<p><strong>Datenschutz<\/strong><\/p>\n<p><strong>Siehe <\/strong><a href=\"https:\/\/mesh-institute.com\/en\/data-protection\/\">https:\/\/mesh-institute.com\/datenschutzerklaerung\/<\/a><\/p>\n<p>Daten werden f\u00fcr die interne Weiterverarbeitung und eigene Werbezwecke von des MESH\u00ae INSTITUTE unter strikter Einhaltung der Vorschriften des Datenschutzes (DSGVO) gespeichert.<\/p>\n<p>Wien | Frankfurt am Main, M\u00e4rz&nbsp;2020<\/p>\n<\/div><\/section><\/div>\n","protected":false},"excerpt":{"rendered":"","protected":false},"author":1,"featured_media":0,"parent":0,"menu_order":0,"comment_status":"closed","ping_status":"closed","template":"","meta":{"wp_typography_post_enhancements_disabled":false,"footnotes":""},"class_list":["post-2165","page","type-page","status-publish","hentry"],"_links":{"self":[{"href":"https:\/\/mesh-institute.com\/en\/wp-json\/wp\/v2\/pages\/2165","targetHints":{"allow":["GET"]}}],"collection":[{"href":"https:\/\/mesh-institute.com\/en\/wp-json\/wp\/v2\/pages"}],"about":[{"href":"https:\/\/mesh-institute.com\/en\/wp-json\/wp\/v2\/types\/page"}],"author":[{"embeddable":true,"href":"https:\/\/mesh-institute.com\/en\/wp-json\/wp\/v2\/users\/1"}],"replies":[{"embeddable":true,"href":"https:\/\/mesh-institute.com\/en\/wp-json\/wp\/v2\/comments?post=2165"}],"version-history":[{"count":2,"href":"https:\/\/mesh-institute.com\/en\/wp-json\/wp\/v2\/pages\/2165\/revisions"}],"predecessor-version":[{"id":2184,"href":"https:\/\/mesh-institute.com\/en\/wp-json\/wp\/v2\/pages\/2165\/revisions\/2184"}],"wp:attachment":[{"href":"https:\/\/mesh-institute.com\/en\/wp-json\/wp\/v2\/media?parent=2165"}],"curies":[{"name":"wp","href":"https:\/\/api.w.org\/{rel}","templated":true}]}}