{"id":2170,"date":"2020-03-13T15:50:20","date_gmt":"2020-03-13T14:50:20","guid":{"rendered":"https:\/\/mesh-institute.com\/imprint\/"},"modified":"2023-09-12T18:31:38","modified_gmt":"2023-09-12T16:31:38","slug":"imprint","status":"publish","type":"page","link":"https:\/\/mesh-institute.com\/en\/imprint\/","title":{"rendered":"Imprint"},"content":{"rendered":"<section class=\"av_textblock_section av-k6l3umji-984e4b854a99b9767dcfb47c850a1d70 \" itemscope=\"itemscope\" itemtype=\"https:\/\/schema.org\/CreativeWork\"><div class=\"avia_textblock\" itemprop=\"text\"><h1>Imprint<\/h1>\n<p>According to \u00a7 5&nbsp;TMG:<\/p>\n<p><b>MESH\u00ae INSTITUTE for Advanced Competence<\/b> GmbH<\/p>\n<p>Tuchlauben 7a<\/p>\n<p>A- 1010&nbsp;Wien<\/p>\n<p>Telefonnummer: +43 1 5323692<\/p>\n<p>Mail: welcome@mesh-institute.com<\/p>\n<p>Company headquarters: Vienna<\/p>\n<p>Gesch\u00e4ftsf\u00fchrer: Friederich Peter Zeuner, J\u00fcrgen Schmitt<\/p>\n<p>Commercial register number: HRB FN 514542f<\/p>\n<p>VAT identification number: ATU74550229<\/p>\n<h2>Unternehmensgegenstand<\/h2>\n<p>Die unabh\u00e4ngige, au\u00dferuniversit\u00e4re und interdisziplin\u00e4re Forschung und Entwicklung f\u00fcr anwendungsbezogene Lehre, Aus- und Weiterbildung f\u00fcr Innovation\u2011, Change und Konfliktmanagement.<\/p>\n<p>Lehrforschungsprojekte f\u00fcr Qualit\u00e4tssicherung. Anwendung und Weiterentwicklung wissenschaftlicher Methoden zur Feststellung von Methodenkompetenz und Kompetenzprofilen von F\u00fchrungskr\u00e4ften, im Kontext gesellschaftlicher und industrieller Entwicklungen und Ver\u00e4nderungsprozessen in Wirtschaft, Industrie, Organisationen, \u00f6ffentlichen Auftraggebern und sozialen Einrichtungen.<\/p>\n<p>Das Konzipieren, Organisieren und Pr\u00fcfen von Bildungsprogrammen strategischer Wissensgebiete von Institutionen, Bildungstr\u00e4gern und Einrichtungen, die Aufgaben in der Aus- und Weiterbildung wahrnehmen.<\/p>\n<p>Die Betreibung von Pr\u00fcfungszentren.<\/p>\n<p>Durchf\u00fchrung von summativen Lernkontrollen.<\/p>\n<p>Fort- und Weiterbildung in wirtschaftlicher, technischer, gestalterischer oder die juristische Form.<\/p>\n<p>Schulungen, Entwicklung von Produkten, Begleitung und Entwicklung von Zertifizierungen und Akkreditierungen.<\/p>\n<p>Berufsbegleitende Weiterbildung in wirtschaftlicher, technischer, gestalterischer oder die juristische Form.<\/p>\n<p>Pr\u00fcfung von Kompetenzen, Kernf\u00e4higkeiten, Qualifikationen und Leistung in Bezug auf unternehmensbezogene Bed\u00fcrfnisse.<\/p>\n<p>Durchf\u00fchrung von Transferprojekten, Beratung von Unternehmen und Ausgr\u00fcndungen.<\/p>\n<p>Beratung bei strategischen Fragestellungen bei Innovationsprojekten und Ver\u00e4nderungsprozessen, u.a f\u00fcr digitale Transformation, neuer Arbeitswelten 4.0. Implementierung von Konfliktmanagementsystemen, Projektmanagement, Change-Management und Prozessberatung.<\/p>\n<h2>Verantwortlich f\u00fcr den Inhalt:<\/h2>\n<p><b>MESH\u00ae INSTITUTE for Advanced Competence<\/b> GmbH<\/p>\n<p>Tuchladen 7a<\/p>\n<p>A- 1010&nbsp;Wien<\/p>\n<h2>Webdesign &amp; Webdevelopment<\/h2>\n<p><a href=\"https:\/\/www.ammersee-media.de\/\">Ammersee Media \u2014 Webdesign, Webentwicklung und Online-Marketing<\/a><br>\n<a href=\"https:\/\/wp-website-service.de\/\" target=\"_blank\" rel=\"noopener\">WordPress Wartung \u2014 Betreuung und Service<\/a><\/p>\n<\/div><\/section>\n","protected":false},"excerpt":{"rendered":"","protected":false},"author":1,"featured_media":0,"parent":0,"menu_order":0,"comment_status":"closed","ping_status":"closed","template":"","meta":{"wp_typography_post_enhancements_disabled":false,"footnotes":""},"class_list":["post-2170","page","type-page","status-publish","hentry"],"_links":{"self":[{"href":"https:\/\/mesh-institute.com\/en\/wp-json\/wp\/v2\/pages\/2170","targetHints":{"allow":["GET"]}}],"collection":[{"href":"https:\/\/mesh-institute.com\/en\/wp-json\/wp\/v2\/pages"}],"about":[{"href":"https:\/\/mesh-institute.com\/en\/wp-json\/wp\/v2\/types\/page"}],"author":[{"embeddable":true,"href":"https:\/\/mesh-institute.com\/en\/wp-json\/wp\/v2\/users\/1"}],"replies":[{"embeddable":true,"href":"https:\/\/mesh-institute.com\/en\/wp-json\/wp\/v2\/comments?post=2170"}],"version-history":[{"count":7,"href":"https:\/\/mesh-institute.com\/en\/wp-json\/wp\/v2\/pages\/2170\/revisions"}],"predecessor-version":[{"id":3137,"href":"https:\/\/mesh-institute.com\/en\/wp-json\/wp\/v2\/pages\/2170\/revisions\/3137"}],"wp:attachment":[{"href":"https:\/\/mesh-institute.com\/en\/wp-json\/wp\/v2\/media?parent=2170"}],"curies":[{"name":"wp","href":"https:\/\/api.w.org\/{rel}","templated":true}]}}